


 


{"id":65,"date":"2015-11-28T21:19:06","date_gmt":"2015-11-28T21:19:06","guid":{"rendered":"http:\/\/www.almazian.com\/?page_id=65"},"modified":"2017-02-04T01:42:57","modified_gmt":"2017-02-04T01:42:57","slug":"highlights","status":"publish","type":"page","link":"https:\/\/www.almazian.com\/ru\/highlights\/","title":{"rendered":"\u00d0\u0153\u00d0\u00be\u00d0\u00bc\u00d0\u00b5\u00d0\u00bd\u00d1\u201a\u00d1\u2039"},"content":{"rendered":"<p class=\"lead\">Opening concert at 1st Kustendorf Film &amp; Music Festival, 2008.<\/p>\n<p>Closing concert at EXIT Festival 2008, twice officially proclaimed as the &#171;Best Major European festival&#187; at the EU Festival Awards (2008 &amp; 2015).<\/p>\n<p>Prestigious monthly magazine &#171;Yerevan&#187; with Kustirica and Almazian on the cover page, 2008.<\/p>\n<p><a href=\"https:\/\/www.almazian.com\/wp-content\/uploads\/2015\/11\/highlights.jpg\"><img loading=\"lazy\" decoding=\"async\" class=\"auto-img-60 alignleft wp-image-169 size-full\" src=\"https:\/\/www.almazian.com\/wp-content\/uploads\/2015\/11\/highlights.jpg\" alt=\"highlights\" width=\"994\" height=\"1311\" srcset=\"https:\/\/www.almazian.com\/wp-content\/uploads\/2015\/11\/highlights.jpg 994w, https:\/\/www.almazian.com\/wp-content\/uploads\/2015\/11\/highlights-227x300.jpg 227w, https:\/\/www.almazian.com\/wp-content\/uploads\/2015\/11\/highlights-776x1024.jpg 776w\" sizes=\"(max-width: 994px) 100vw, 994px\" \/><\/a>Soundtrack recording for Emir<br \/>\nKusturica&#8217;s &#171;Cool Water&#187; movie,<br \/>\nco-produced by Johnny Depp<br \/>\n(production postponed), 2010.<\/p>\n<p>First album with Sony Music<br \/>\nEntertainment, released in 2013.<br \/>\nParis performance for UNESCO,<br \/>\n2014.<\/p>\n<p>Moscow debut in &#171;Barvikha Luxury<br \/>\nVillage Concert Hall&#187;, 2015.<br \/>\nSecond appearance at EXIT Festival,<br \/>\n2015.<\/p>\n<p>Soundtrack recording for<br \/>\nKusturica&#8217;s &#171;On The Milky Road&#187;,<br \/>\nstarring Monica Bellucci, premiere<br \/>\nat Cannes 2016.<\/p>\n<p>&nbsp;<\/p>\n<p>&nbsp;<\/p>\n<a href=\"https:\/\/www.almazian.com\/wp-content\/uploads\/2015\/11\/highlights2.jpg\"><img loading=\"lazy\" decoding=\"async\" class=\"alignnone wp-image-180 size-full\" src=\"https:\/\/www.almazian.com\/wp-content\/uploads\/2015\/11\/highlights2.jpg\" alt=\"highlights2\" width=\"1900\" height=\"1168\" srcset=\"https:\/\/www.almazian.com\/wp-content\/uploads\/2015\/11\/highlights2.jpg 1900w, https:\/\/www.almazian.com\/wp-content\/uploads\/2015\/11\/highlights2-300x184.jpg 300w, https:\/\/www.almazian.com\/wp-content\/uploads\/2015\/11\/highlights2-1024x629.jpg 1024w, https:\/\/www.almazian.com\/wp-content\/uploads\/2015\/11\/highlights2-90x55.jpg 90w\" sizes=\"(max-width: 1900px) 100vw, 1900px\" \/><\/a>\n<p>&nbsp;<\/p>\n<a href=\"https:\/\/www.almazian.com\/wp-content\/uploads\/2015\/11\/highlights3.jpg\"><img loading=\"lazy\" decoding=\"async\" width=\"1024\" height=\"616\" class=\"alignnone size-large wp-image-198\" src=\"https:\/\/www.almazian.com\/wp-content\/uploads\/2015\/11\/highlights3-1024x616.jpg\" alt=\"highlights3\" srcset=\"https:\/\/www.almazian.com\/wp-content\/uploads\/2015\/11\/highlights3-1024x616.jpg 1024w, https:\/\/www.almazian.com\/wp-content\/uploads\/2015\/11\/highlights3-300x181.jpg 300w, https:\/\/www.almazian.com\/wp-content\/uploads\/2015\/11\/highlights3-90x55.jpg 90w, https:\/\/www.almazian.com\/wp-content\/uploads\/2015\/11\/highlights3.jpg 1662w\" sizes=\"(max-width: 1024px) 100vw, 1024px\" \/><\/a>\n","protected":false},"excerpt":{"rendered":"<p>Opening concert at 1st Kustendorf Film &amp; Music Festival, 2008. Closing concert at EXIT Festival 2008, twice officially proclaimed as the &#171;Best Major European festival&#187; at the EU Festival Awards (2008 &amp; 2015). Prestigious monthly magazine &#171;Yerevan&#187; with Kustirica and Almazian on the cover page, 2008. Soundtrack recording for Emir Kusturica&#8217;s &#171;Cool Water&#187; movie, co-produced&#8230;  <a href=\"https:\/\/www.almazian.com\/ru\/highlights\/\" class=\"more-link\" title=\"Read \u00d0\u0153\u00d0\u00be\u00d0\u00bc\u00d0\u00b5\u00d0\u00bd\u00d1\u201a\u00d1\u2039\">Read more &raquo;<\/a><\/p>\n","protected":false},"author":1,"featured_media":0,"parent":0,"menu_order":0,"comment_status":"closed","ping_status":"closed","template":"","meta":{"footnotes":""},"_links":{"self":[{"href":"https:\/\/www.almazian.com\/ru\/wp-json\/wp\/v2\/pages\/65"}],"collection":[{"href":"https:\/\/www.almazian.com\/ru\/wp-json\/wp\/v2\/pages"}],"about":[{"href":"https:\/\/www.almazian.com\/ru\/wp-json\/wp\/v2\/types\/page"}],"author":[{"embeddable":true,"href":"https:\/\/www.almazian.com\/ru\/wp-json\/wp\/v2\/users\/1"}],"replies":[{"embeddable":true,"href":"https:\/\/www.almazian.com\/ru\/wp-json\/wp\/v2\/comments?post=65"}],"version-history":[{"count":51,"href":"https:\/\/www.almazian.com\/ru\/wp-json\/wp\/v2\/pages\/65\/revisions"}],"predecessor-version":[{"id":86,"href":"https:\/\/www.almazian.com\/ru\/wp-json\/wp\/v2\/pages\/65\/revisions\/86"}],"wp:attachment":[{"href":"https:\/\/www.almazian.com\/ru\/wp-json\/wp\/v2\/media?parent=65"}],"curies":[{"name":"wp","href":"https:\/\/api.w.org\/{rel}","templated":true}]}}