


 


{"id":286,"date":"2016-05-18T10:46:59","date_gmt":"2016-05-18T09:46:59","guid":{"rendered":"http:\/\/www.almazian.com\/?page_id=286"},"modified":"2020-02-18T10:04:55","modified_gmt":"2020-02-18T10:04:55","slug":"press-media","status":"publish","type":"page","link":"https:\/\/www.almazian.com\/ru\/press-media\/","title":{"rendered":"\u00d0\u0178\u00d1\u20ac\u00d0\u00b5\u00d1\u0081\u00d1\u0081\u00d0\u00b0"},"content":{"rendered":"<p class=\"qtranxs-available-languages-message qtranxs-available-languages-message-ru\">\u0418\u0437\u0432\u0438\u043d\u0438\u0442\u0435, \u044d\u0442\u043e\u0442 \u0442\u0435\u0445\u0442 \u0434\u043e\u0441\u0442\u0443\u043f\u0435\u043d \u0442\u043e\u043b\u044c\u043a\u043e \u0432 &ldquo;<a href=\"https:\/\/www.almazian.com\/en\/wp-json\/wp\/v2\/pages\/286\" class=\"qtranxs-available-language-link qtranxs-available-language-link-en\" title=\"English\">English<\/a>&rdquo;. For the sake of viewer convenience, the content is shown below in the alternative language. You may click the link to switch the active language.<\/p><p class=\"lead\"><\/p>\n<table width=\"100%\">\n<tbody>\n<tr>\n<td>&nbsp;<\/td>\n<td width=\"30%\">\n<p style=\"text-align: center;\"><a href=\"https:\/\/www.almazian.com\/wp-content\/uploads\/2016\/05\/Booklet.pdf\"><img decoding=\"async\" class=\"alignnone size-medium wp-image-305\" src=\"https:\/\/www.almazian.com\/wp-content\/uploads\/2016\/05\/Booklet-212x300.jpg\" alt=\"Almazian Booklet\"><\/a><\/p>\n<p style=\"text-align: center;\"><a href=\"https:\/\/www.almazian.com\/wp-content\/uploads\/2016\/05\/Booklet.pdf\">Download Booklet PDF<\/a><\/p>\n<\/td>\n<td>&nbsp;<\/td>\n<\/tr>\n<\/tbody>\n<\/table>\n<p>&nbsp;<\/p>\n<h3>Others about Almazian<\/h3>\n<div class=\"tbl-press-container\">\n<table class=\"tbl-press\">\n<tbody>\n<tr>\n<td>\u041d\u0430 \u0437\u0430\u043a\u0440\u044b\u0442\u0438\u0438 \u0421\u0435\u0434\u044c\u043c\u043e\u0433\u043e \u0444\u0435\u0441\u0442\u0438\u0432\u0430\u043b\u044f \u0440\u0443\u0441\u0441\u043a\u043e\u0439 \u043c\u0443\u0437\u044b\u043a\u0438<\/td>\n<td><a href=\"https:\/\/novosti-dny.ru\/mir\/rossiya\/armeniya\/328396-na-zakrytii-sedmogo-festivalya-russkoy-muzyki-vystupili-violonchelist-narek-ahnazaryan-i-skripach-hachatur-almazyan-novostink-novosti-armenii-novosti-armenii.html\" target=\"_blank\" rel=\"noopener noreferrer\">Link<\/a><\/td>\n<td><\/td>\n<\/tr>\n<tr>\n<td>New Video Release! Seven Nation Army!<\/td>\n<td>&nbsp;<\/td>\n<td><a href=\"https:\/\/www.youtube.com\/watch?v=tTvuhUguH_k\" target=\"_blank\" rel=\"noopener noreferrer\">YouTube<\/a><\/td>\n<\/tr>\n<tr>\n<td>Interview with Almazian for Dimplomacy &amp; Commerce monthly printed magazine<\/td>\n<td><a href=\"http:\/\/www.diplomacyandcommerce.rs\/amazing-almazian-a-self-made-man\/\" target=\"_blank\" rel=\"noopener noreferrer\">Link<\/a><\/td>\n<td>&nbsp;<\/td>\n<\/tr>\n<tr>\n<td>PanArmenian Network about new video release<\/td>\n<td><a href=\"http:\/\/www.panarmenian.net\/eng\/news\/252848\/Almazian_Symphony_unveils_video_for_Seven_Nation_Army_cover\" target=\"_blank\" rel=\"noopener noreferrer\">Link<\/a><\/td>\n<td>&nbsp;<\/td>\n<\/tr>\n<tr>\n<td>Armenian Public TV (First Channel) about Almazian &amp; Monica Bellucci<\/td>\n<td>&nbsp;<\/td>\n<td><a href=\"https:\/\/www.youtube.com\/watch?v=jF9vJI-Cv7w&amp;t=19s\" target=\"_blank\" rel=\"noopener noreferrer\">YouTube<\/a><\/td>\n<\/tr>\n<tr>\n<td>An interview with Almazian on Armenian Public TV (First Channel)<\/td>\n<td><a href=\"https:\/\/gisher.org\/video\/meronq-khachatur-almazyan.html\" target=\"_blank\" rel=\"noopener noreferrer\">Link<\/a><\/td>\n<td>&nbsp;<\/td>\n<\/tr>\n<tr>\n<td>NS Hronika about new video release<\/td>\n<td><a href=\"http:\/\/www.nshronika.rs\/party-time\/seven-nation-army-na-klasican-nacin\/\" target=\"_blank\" rel=\"noopener noreferrer\">Link<\/a><\/td>\n<td>&nbsp;<\/td>\n<\/tr>\n<tr>\n<td>An article about Almazian , Monica Bellucci and Emir Kusturica<\/td>\n<td><a href=\"http:\/\/nv.am\/mlechnye-puti-i-armyanskie-sledy-emira-kusturitsy\/\" target=\"_blank\" rel=\"noopener noreferrer\">Link<\/a><\/td>\n<td>&nbsp;<\/td>\n<\/tr>\n<tr>\n<td>Shant TV Armenia Interview<\/td>\n<td>&nbsp;<\/td>\n<td><a href=\"https:\/\/youtu.be\/YeT07jCh7Lc?start=2340\" target=\"_blank\" rel=\"noopener noreferrer\">YouTube<\/a><\/td>\n<\/tr>\n<tr>\n<td>\u0531\u056c\u0574\u0561\u0566\u0575\u0561\u0576. \u0537\u0574\u056b\u0580 \u053f\u0578\u0582\u057d\u057f\u0578\u0582\u0580\u056b\u0581\u0561\u0575\u056b \u0565\u0580\u0587\u0561\u0576\u0575\u0561\u0576 \u0570\u0561\u0574\u0565\u0580\u0563\u056b\u0576 \u0568\u0576\u0564\u0561\u057c\u0561\u057b<\/td>\n<td><a href=\"http:\/\/www.aysor.am\/am\/news\/2015\/12\/22\/%D5%AD%D5%A1%D5%B9%D5%A1%D5%BF%D5%B8%D6%82%D6%80-%D5%A1%D5%AC%D5%B4%D5%A1%D5%A6%D5%B5%D5%A1%D5%B6-%D5%AF%D5%B8%D6%82%D5%BD%D5%BF%D5%B8%D6%82%D6%80%D5%AB%D6%81%D5%A1\/1033486\" target=\"_blank\" rel=\"noopener noreferrer\">Link<\/a><\/td>\n<td><a href=\"https:\/\/www.almazian.com\/wp-content\/uploads\/2016\/05\/22.10.2015_aysor.pdf\">PDF<\/a><\/td>\n<\/tr>\n<tr>\n<td>07.06 \u0432 \u041a\u0417 \u00ab\u0411\u0430\u0440\u0432\u0438\u0445\u0430 LUXURY VILLAGE\u00bb \u0443\u0441\u043f\u0435\u0448\u043d\u043e \u0434\u0435\u0431\u044e\u0442\u0438\u0440\u043e\u0432\u0430\u043b \u043e\u0440\u043a\u0435\u0441\u0442\u0440 Almazian Symphony<\/td>\n<td><a href=\"http:\/\/glamourtimes.ru\/%D1%81%D0%B2%D0%B5%D1%82%D1%81%D0%BA%D0%B0%D1%8F-%D1%85%D1%80%D0%BE%D0%BD%D0%B8%D0%BA%D0%B0\/07-06-%D0%B2-%D0%BA%D0%B7-%D0%B1%D0%B0%D1%80%D0%B2%D0%B8%D1%85%D0%B0-luxury-village-%D1%83%D1%81%D0%BF%D0%B5%D1%88%D0%BD%D0%BE-%D0%B4%D0%B5%D0%B1%D1%8E%D1%82%D0%B8%D1%80%D0%BE%D0%B2%D0%B0%D0%BB.html\" target=\"_blank\" rel=\"noopener noreferrer\">Link<\/a><\/td>\n<td><a href=\"https:\/\/www.almazian.com\/wp-content\/uploads\/2016\/05\/08.06.2015_GlamourTimes.pdf\">PDF<\/a><\/td>\n<\/tr>\n<tr>\n<td>\u042d\u043c\u0438\u0440 \u041a\u0443\u0441\u0442\u0443\u0440\u0438\u0446\u0430 \u043f\u043e\u0434\u0434\u0435\u0440\u0436\u0438\u0442 \u043e\u0440\u043a\u0435\u0441\u0442\u0440 Almazian Symphony \u0432 \u0411\u0430\u0440\u0432\u0438\u0445\u0435<\/td>\n<td><a href=\"http:\/\/rg.ru\/2015\/06\/01\/concert-site.html\" target=\"_blank\" rel=\"noopener noreferrer\">Link<\/a><\/td>\n<td><a href=\"https:\/\/www.almazian.com\/wp-content\/uploads\/2016\/05\/01.06.2015_rg.pdf\">PDF<\/a><\/td>\n<\/tr>\n<tr>\n<td>Emir Kusturica master of all trades<\/td>\n<td><a href=\"http:\/\/www.panarmenian.net\/eng\/interviews\/183899\/\" target=\"_blank\" rel=\"noopener noreferrer\">Link<\/a><\/td>\n<td><a href=\"https:\/\/www.almazian.com\/wp-content\/uploads\/2016\/05\/23.10.2014_PanArmenian.pdf\">PDF<\/a><\/td>\n<\/tr>\n<tr>\n<td>L\u2019ensemble Almazian Pop Symphony reprend Envole\u00ad moi de Jean\u00adJacques Goldman | Actu musicale sur IdolesMag.com<\/td>\n<td><a href=\"http:\/\/www.idolesmag.com\/article-2347-L-ensemble-Almazian-Pop-Symphony-reprend-Envole-moi-de-Jean-Jacques-Goldman.html\" target=\"_blank\" rel=\"noopener noreferrer\">Link<\/a><\/td>\n<td><a href=\"https:\/\/www.almazian.com\/wp-content\/uploads\/2016\/05\/22.12.2012_IdolesMag.pdf\">PDF<\/a><\/td>\n<\/tr>\n<tr>\n<td>Almazian Pop Symphony : Leur version revisit\u00e9e de \u201cEnvole\u00adMoi\u201d<\/td>\n<td><a href=\"http:\/\/glandouillage.over-blog.com\/article-almazian-pop-symphony-leur-version-revisitee-de-envole-moi-113583052.html\" target=\"_blank\" rel=\"noopener noreferrer\">Link<\/a><\/td>\n<td><a href=\"https:\/\/www.almazian.com\/wp-content\/uploads\/2016\/05\/18.12.2012_Glandouillage.pdf\">PDF<\/a><\/td>\n<\/tr>\n<tr>\n<td>&#171;Envole-moi&#187; revu par Almazian et ses 18 amazones<\/td>\n<td><a href=\"http:\/\/www.agoravox.fr\/culture-loisirs\/culture\/article\/envole-moi-revu-par-almazian-et-116792\" target=\"_blank\" rel=\"noopener noreferrer\">Link<\/a><\/td>\n<td><a href=\"https:\/\/www.almazian.com\/wp-content\/uploads\/2016\/05\/18.05.2012_AgoraVox.pdf\">PDF<\/a><\/td>\n<\/tr>\n<tr>\n<td>Koncert ansambla Almazijan u Madlenianumu<\/td>\n<td><a href=\"http:\/\/www.blic.rs\/kultura\/vesti\/koncert-ansambla-almazijan-u-madlenianumu\/y4kv57m\" target=\"_blank\" rel=\"noopener noreferrer\">Link<\/a><\/td>\n<td><a href=\"https:\/\/www.almazian.com\/wp-content\/uploads\/2016\/05\/28.01.2011_Blic.pdf\">PDF<\/a><\/td>\n<\/tr>\n<tr>\n<td>Almazian\u2019s Obsession launches soundtrack recording for Emir Kusturica and Johnny Depp\u2019s new movie<\/td>\n<td><a href=\"http:\/\/www.panarmenian.net\/eng\/culture\/news\/56070\/\" target=\"_blank\" rel=\"noopener noreferrer\">Link<\/a><\/td>\n<td><a href=\"https:\/\/www.almazian.com\/wp-content\/uploads\/2016\/05\/30.10.2010_PanArmenian.pdf\">PDF<\/a><\/td>\n<\/tr>\n<tr>\n<td>\u0410\u043d\u0441\u0430\u043c\u0431\u043b\u044c Almazian\u2019s Obsession \u0441\u0432\u043e\u0438\u043c \u0432\u044b\u0441\u0442\u0443\u043f\u043b\u0435\u043d\u0438\u0435\u043c \u043e\u0442\u043a\u0440\u043e\u0435\u0442 \u041b\u0435\u0442\u043d\u0438\u0439 \u0444\u0435\u0441\u0442\u0438\u0432\u0430\u043b\u044c \u0432 \u0421\u043a\u043e\u043f\u044c\u0435<\/td>\n<td><a href=\"http:\/\/www.panarmenian.net\/rus\/culture\/news\/50154\/\" target=\"_blank\" rel=\"noopener noreferrer\">Link<\/a><\/td>\n<td><a href=\"https:\/\/www.almazian.com\/wp-content\/uploads\/2016\/05\/17.06.2010_PanArmenian.pdf\">PDF<\/a><\/td>\n<\/tr>\n<tr>\n<td>Yerevan Magazine Interview<\/td>\n<td>&nbsp;<\/td>\n<td><a href=\"https:\/\/www.almazian.com\/wp-content\/uploads\/2016\/05\/Erevan-2008-9-part.pdf\">PDF<\/a><\/td>\n<\/tr>\n<\/tbody>\n<\/table>\n<\/div>\n<p><\/p>","protected":false},"excerpt":{"rendered":"<p>\u0418\u0437\u0432\u0438\u043d\u0438\u0442\u0435, \u044d\u0442\u043e\u0442 \u0442\u0435\u0445\u0442 \u0434\u043e\u0441\u0442\u0443\u043f\u0435\u043d \u0442\u043e\u043b\u044c\u043a\u043e \u0432 &ldquo;English&rdquo;. For the sake of viewer convenience, the content is shown below in the alternative language. You may click the link to switch the active language. &nbsp; Download Booklet PDF &nbsp; &nbsp; Others about Almazian \u041d\u0430 \u0437\u0430\u043a\u0440\u044b\u0442\u0438\u0438 \u0421\u0435\u0434\u044c\u043c\u043e\u0433\u043e \u0444\u0435\u0441\u0442\u0438\u0432\u0430\u043b\u044f \u0440\u0443\u0441\u0441\u043a\u043e\u0439 \u043c\u0443\u0437\u044b\u043a\u0438 Link New Video Release! Seven Nation Army! &nbsp;&#8230;  <a href=\"https:\/\/www.almazian.com\/ru\/press-media\/\" class=\"more-link\" title=\"Read \u00d0\u0178\u00d1\u20ac\u00d0\u00b5\u00d1\u0081\u00d1\u0081\u00d0\u00b0\">Read more &raquo;<\/a><\/p>\n","protected":false},"author":1,"featured_media":0,"parent":0,"menu_order":0,"comment_status":"closed","ping_status":"closed","template":"","meta":{"footnotes":""},"_links":{"self":[{"href":"https:\/\/www.almazian.com\/ru\/wp-json\/wp\/v2\/pages\/286"}],"collection":[{"href":"https:\/\/www.almazian.com\/ru\/wp-json\/wp\/v2\/pages"}],"about":[{"href":"https:\/\/www.almazian.com\/ru\/wp-json\/wp\/v2\/types\/page"}],"author":[{"embeddable":true,"href":"https:\/\/www.almazian.com\/ru\/wp-json\/wp\/v2\/users\/1"}],"replies":[{"embeddable":true,"href":"https:\/\/www.almazian.com\/ru\/wp-json\/wp\/v2\/comments?post=286"}],"version-history":[{"count":18,"href":"https:\/\/www.almazian.com\/ru\/wp-json\/wp\/v2\/pages\/286\/revisions"}],"predecessor-version":[{"id":656,"href":"https:\/\/www.almazian.com\/ru\/wp-json\/wp\/v2\/pages\/286\/revisions\/656"}],"wp:attachment":[{"href":"https:\/\/www.almazian.com\/ru\/wp-json\/wp\/v2\/media?parent=286"}],"curies":[{"name":"wp","href":"https:\/\/api.w.org\/{rel}","templated":true}]}}